{"id":326,"date":"2020-05-27T13:51:36","date_gmt":"2020-05-27T11:51:36","guid":{"rendered":"https:\/\/enp.inserm.fr\/?page_id=326"},"modified":"2020-12-14T16:34:46","modified_gmt":"2020-12-14T15:34:46","slug":"legals","status":"publish","type":"page","link":"https:\/\/enp.inserm.fr\/en\/legals\/","title":{"rendered":"French legal disclaimer"},"content":{"rendered":"\n<p><a rel=\"noreferrer noopener\" href=\"https:\/\/ssl.microsofttranslator.com\/bv.aspx?ref=TAns&amp;from=&amp;to=en&amp;a=https%3A%2F%2Fwww.enp.inserm.fr\" target=\"_blank\">https:\/\/www.enp.inserm.fr<\/a>\u00a0website is published by members of the EPOP\u00e9 team working for the National Perinatal Survey (ENP). Team members managing the site will be designated by ENP team later.<\/p>\n\n\n\n<p>The EPOP\u00e9 team is affiliated to INSERM and the University of Paris.<\/p>\n\n\n\n<h2 class=\"wp-block-heading\">Editor<\/h2>\n\n\n\n<p>Institut national de la sant\u00e9 et de la recherche m\u00e9dicale (Inserm).<br>101 rue de Tolbiac, 75654 Paris cedex 13<br>Phone number + 33 (0)1 44 23 60 00<\/p>\n\n\n\n<p><strong>Director of publication<\/strong> : Camille Le Ray<\/p>\n\n\n\n<p><strong>Publishers <\/strong>: Nathalie Lelong, H\u00e9l\u00e8ne Cinelli, B\u00e9atrice Blondel<\/p>\n\n\n\n<p><strong>Webmestre <\/strong>: Laurent Angeli<\/p>\n\n\n\n<h2 class=\"wp-block-heading\">Hosting company<\/h2>\n\n\n\n<p>The site is hosted by the <a rel=\"noreferrer noopener\" href=\"http:\/\/www.gandi.net\" target=\"_blank\">Gandi<\/a> company <br>63, 65 Boulevard Massena 75013\u00a0Paris France<br>RCS Paris B. 423 093 459<br>SIRET 423 093 459 00042<br>APE 6311Z<br>SAS whose capital is 800,000 Euros<br>TVA number FR81423093459<br>Phone Number : <a href=\"tel:+33170377661\">+33170377661<\/a> \/ Fax : +33170377860<\/p>\n\n\n\n<h2 class=\"wp-block-heading\">Conception and realisation<\/h2>\n\n\n\n<p><a href=\"http:\/\/laurent-angeli.fr\">Laurent ANGELI<\/a><\/p>\n\n\n\n<h2 class=\"wp-block-heading\">Limitation of liability<\/h2>\n\n\n\n<p>Access to the site may be interrupted at any time, without notice, especially in case of force majeure, maintenance or if the ENP team decides to suspend or stop the provision of this service. The obligation to provide the service is therefore limited to an obligation of means.<\/p>\n\n\n\n<p>The site is governed by French law. Foreign users formally accept the application of French law by visiting this website and using all or part of the site&#8217;s features.<\/p>\n\n\n\n<h2 class=\"wp-block-heading\">Website content<\/h2>\n\n\n\n<p>The ENP team strives to ensure the accuracy and updating of the informations when it is posted on the website to the best of its ability. However, the ENP team does not guarantee in any way the accuracy or completeness of information available on the site. Information on this site is non-contractual and can be changed at any time.<\/p>\n\n\n\n<h2 class=\"wp-block-heading\">Intellectual property<\/h2>\n\n\n\n<p>The ENP team grants the user the right to reproduce all or part of the content of the site, in a copy for backup copy or print on paper. This right is granted in the context of strictly personal, private and non-collective use.<\/p>\n\n\n\n<p>Nevertheless, content, texts, including press releases, videos, images and animations that appear or are available on the site, are protected by intellectual property law. They are the exclusive property of the ENP team or for which the ENP team has the necessary and sufficient rights in the operation of the site. As such users agree not to copy, translate, reproduce, sell, publish, exploit or disseminate content of the site protected by intellectual property law, without prior and written permission of Inserm.<\/p>\n\n\n\n<p>Brands and logos on the site are, except for the logos of the partners on the home page, the property of the ENP team. Unless pre-authorized written permission is given, the internet user does not have permission to use them<\/p>\n\n\n\n<h2 class=\"wp-block-heading\">Photo credits<\/h2>\n\n\n\n<p>The images on the home page header are from <a href=\"https:\/\/www.shutterstock.com\/fr\/\">Shutterstock<\/a>.<\/p>\n\n\n\n<h2 class=\"wp-block-heading\">Personal data <\/h2>\n\n\n\n<p>The ENP team uses the Google Analytics statistical tool to measure the site&#8217;s audience and improve its services. You can disable this tool using the<a href=\"https:\/\/tools.google.com\/dlpage\/gaoptout\"> Google Analytics deactivation module<\/a>.<\/p>\n\n\n\n<p>On your first visit, you have the option to accept Google Analytics cookies through an ad banner. You can change your choice with the Cookie Management link at the bottom of the page.<\/p>\n\n\n\n<p>The ENP team undertakes not to disclose to third parties the information that the Internet user provides. Data provided remains confidential and will only be used for the purposes of the service.<\/p>\n","protected":false},"excerpt":{"rendered":"<p>https:\/\/www.enp.inserm.fr\u00a0website is published by members of the EPOP\u00e9 team working for the National Perinatal Survey (ENP). Team members managing the site will be designated by ENP team later. The EPOP\u00e9 team is affiliated to INSERM and the University of Paris. Editor Institut national de la sant\u00e9 et de la recherche m\u00e9dicale (Inserm).101 rue de Tolbiac,&hellip;<\/p>\n","protected":false},"author":2,"featured_media":0,"parent":0,"menu_order":0,"comment_status":"closed","ping_status":"closed","template":"","meta":{"_coblocks_attr":"","_coblocks_dimensions":"","_coblocks_responsive_height":"","_coblocks_accordion_ie_support":"","footnotes":""},"class_list":["post-326","page","type-page","status-publish","hentry"],"_links":{"self":[{"href":"https:\/\/enp.inserm.fr\/en\/wp-json\/wp\/v2\/pages\/326","targetHints":{"allow":["GET"]}}],"collection":[{"href":"https:\/\/enp.inserm.fr\/en\/wp-json\/wp\/v2\/pages"}],"about":[{"href":"https:\/\/enp.inserm.fr\/en\/wp-json\/wp\/v2\/types\/page"}],"author":[{"embeddable":true,"href":"https:\/\/enp.inserm.fr\/en\/wp-json\/wp\/v2\/users\/2"}],"replies":[{"embeddable":true,"href":"https:\/\/enp.inserm.fr\/en\/wp-json\/wp\/v2\/comments?post=326"}],"version-history":[{"count":2,"href":"https:\/\/enp.inserm.fr\/en\/wp-json\/wp\/v2\/pages\/326\/revisions"}],"predecessor-version":[{"id":428,"href":"https:\/\/enp.inserm.fr\/en\/wp-json\/wp\/v2\/pages\/326\/revisions\/428"}],"wp:attachment":[{"href":"https:\/\/enp.inserm.fr\/en\/wp-json\/wp\/v2\/media?parent=326"}],"curies":[{"name":"wp","href":"https:\/\/api.w.org\/{rel}","templated":true}]}}